{"id":15,"date":"2023-12-12T08:15:52","date_gmt":"2023-12-12T07:15:52","guid":{"rendered":"https:\/\/boulyetcailloux.com\/blog\/?page_id=15"},"modified":"2023-12-13T10:25:31","modified_gmt":"2023-12-13T09:25:31","slug":"a-propos-de","status":"publish","type":"page","link":"https:\/\/boulyetcailloux.com\/blog\/a-propos-de\/","title":{"rendered":"\u00c0 propos de"},"content":{"rendered":"<p class=\"last-updated entry-meta\">Derni\u00e8re mise \u00e0 jour le 13 d\u00e9cembre 2023 \u00e0 10:25<\/p>\n<h2 class=\"wp-block-heading\">Bouly&amp;Cailloux<\/h2>\n\n\n\n<p>Cr\u00e9ation de bijoux &#8211; @<em>boulyetcailloux boulyetcailloux<\/em><\/p>\n\n\n\n<p>Alliant la passion des pierres naturelles, des mati\u00e8res et une envie de cr\u00e9ation manuelle, la fabrication de bijoux fantaisie s&rsquo;est impos\u00e9e \u00e0 moi, il y a maintenant quelques ann\u00e9es suite \u00e0 une maladie invalidante.<\/p>\n\n\n\n<p>L&rsquo;occasion d&rsquo;un blog est la suite logique de la cr\u00e9ation du site de vente de bijoux <a href=\"https:\/\/boulyetcailloux.com\">boulyetcailloux.com<\/a>, afin de partager ma passion que sont les pierres naturelles, l&rsquo;informatique ou autres sujets du moments (ou non&#8230;)<\/p>\n","protected":false},"excerpt":{"rendered":"<p>Derni\u00e8re mise \u00e0 jour le 13 d\u00e9cembre 2023 \u00e0 10:25 Bouly&amp;Cailloux Cr\u00e9ation de bijoux &#8211; @boulyetcailloux boulyetcailloux Alliant la passion des pierres naturelles, des mati\u00e8res et une envie de cr\u00e9ation manuelle, la fabrication de bijoux fantaisie s&rsquo;est impos\u00e9e \u00e0 moi, il y a maintenant quelques ann\u00e9es suite \u00e0 une maladie invalidante. L&rsquo;occasion d&rsquo;un blog est [&hellip;]<\/p>\n","protected":false},"author":1,"featured_media":0,"parent":0,"menu_order":0,"comment_status":"closed","ping_status":"closed","template":"","meta":{"footnotes":""},"class_list":["post-15","page","type-page","status-publish","hentry"],"yoast_head":"<!-- This site is optimized with the Yoast SEO plugin v27.4 - https:\/\/yoast.com\/product\/yoast-seo-wordpress\/ -->\n<title>\u00c0 propos de - BLOG de Bouly&amp;Cailloux<\/title>\n<meta name=\"robots\" content=\"index, follow, max-snippet:-1, max-image-preview:large, max-video-preview:-1\" \/>\n<link rel=\"canonical\" href=\"https:\/\/boulyetcailloux.com\/blog\/a-propos-de\/\" \/>\n<meta property=\"og:locale\" content=\"fr_FR\" \/>\n<meta property=\"og:type\" content=\"article\" \/>\n<meta property=\"og:title\" content=\"\u00c0 propos de - BLOG de Bouly&amp;Cailloux\" \/>\n<meta property=\"og:description\" content=\"Derni\u00e8re mise \u00e0 jour le 13 d\u00e9cembre 2023 \u00e0 10:25 Bouly&amp;Cailloux Cr\u00e9ation de bijoux &#8211; @boulyetcailloux boulyetcailloux Alliant la passion des pierres naturelles, des mati\u00e8res et une envie de cr\u00e9ation manuelle, la fabrication de bijoux fantaisie s&rsquo;est impos\u00e9e \u00e0 moi, il y a maintenant quelques ann\u00e9es suite \u00e0 une maladie invalidante. L&rsquo;occasion d&rsquo;un blog est [&hellip;]\" \/>\n<meta property=\"og:url\" content=\"https:\/\/boulyetcailloux.com\/blog\/a-propos-de\/\" \/>\n<meta property=\"og:site_name\" content=\"BLOG de Bouly&amp;Cailloux\" \/>\n<meta property=\"article:publisher\" content=\"https:\/\/www.facebook.com\/boulyetcailloux\/\" \/>\n<meta property=\"article:modified_time\" content=\"2023-12-13T09:25:31+00:00\" \/>\n<meta property=\"og:image\" content=\"https:\/\/boulyetcailloux.com\/blog\/wp-content\/uploads\/2026\/02\/logoINPI1293or.jpg\" \/>\n\t<meta property=\"og:image:width\" content=\"1173\" \/>\n\t<meta property=\"og:image:height\" content=\"1032\" \/>\n\t<meta property=\"og:image:type\" content=\"image\/jpeg\" \/>\n<meta name=\"twitter:card\" content=\"summary_large_image\" \/>\n<script type=\"application\/ld+json\" class=\"yoast-schema-graph\">{\"@context\":\"https:\\\/\\\/schema.org\",\"@graph\":[{\"@type\":\"WebPage\",\"@id\":\"https:\\\/\\\/boulyetcailloux.com\\\/blog\\\/a-propos-de\\\/\",\"url\":\"https:\\\/\\\/boulyetcailloux.com\\\/blog\\\/a-propos-de\\\/\",\"name\":\"\u00c0 propos de - BLOG de Bouly&amp;Cailloux\",\"isPartOf\":{\"@id\":\"https:\\\/\\\/boulyetcailloux.com\\\/blog\\\/#website\"},\"datePublished\":\"2023-12-12T07:15:52+00:00\",\"dateModified\":\"2023-12-13T09:25:31+00:00\",\"breadcrumb\":{\"@id\":\"https:\\\/\\\/boulyetcailloux.com\\\/blog\\\/a-propos-de\\\/#breadcrumb\"},\"inLanguage\":\"fr-FR\",\"potentialAction\":[{\"@type\":\"ReadAction\",\"target\":[\"https:\\\/\\\/boulyetcailloux.com\\\/blog\\\/a-propos-de\\\/\"]}]},{\"@type\":\"BreadcrumbList\",\"@id\":\"https:\\\/\\\/boulyetcailloux.com\\\/blog\\\/a-propos-de\\\/#breadcrumb\",\"itemListElement\":[{\"@type\":\"ListItem\",\"position\":1,\"name\":\"Accueil\",\"item\":\"https:\\\/\\\/boulyetcailloux.com\\\/blog\\\/\"},{\"@type\":\"ListItem\",\"position\":2,\"name\":\"\u00c0 propos de\"}]},{\"@type\":\"WebSite\",\"@id\":\"https:\\\/\\\/boulyetcailloux.com\\\/blog\\\/#website\",\"url\":\"https:\\\/\\\/boulyetcailloux.com\\\/blog\\\/\",\"name\":\"BLOG de Bouly&Cailloux, boutique en ligne de bijoux cr\u00e9atifs artisanaux\",\"description\":\"Des pierres, des bijoux, une histoire\",\"publisher\":{\"@id\":\"https:\\\/\\\/boulyetcailloux.com\\\/blog\\\/#organization\"},\"alternateName\":\"BLOG de Bouly&Cailloux\",\"potentialAction\":[{\"@type\":\"SearchAction\",\"target\":{\"@type\":\"EntryPoint\",\"urlTemplate\":\"https:\\\/\\\/boulyetcailloux.com\\\/blog\\\/?s={search_term_string}\"},\"query-input\":{\"@type\":\"PropertyValueSpecification\",\"valueRequired\":true,\"valueName\":\"search_term_string\"}}],\"inLanguage\":\"fr-FR\"},{\"@type\":\"Organization\",\"@id\":\"https:\\\/\\\/boulyetcailloux.com\\\/blog\\\/#organization\",\"name\":\"BLOG de Bouly&Cailloux, boutique en ligne de bijoux artisanaux cr\u00e9atifs\",\"alternateName\":\"Bouly&Cailloux, le Blog\",\"url\":\"https:\\\/\\\/boulyetcailloux.com\\\/blog\\\/\",\"logo\":{\"@type\":\"ImageObject\",\"inLanguage\":\"fr-FR\",\"@id\":\"https:\\\/\\\/boulyetcailloux.com\\\/blog\\\/#\\\/schema\\\/logo\\\/image\\\/\",\"url\":\"https:\\\/\\\/boulyetcailloux.com\\\/blog\\\/wp-content\\\/uploads\\\/2024\\\/03\\\/prestashop-logo-1642179054.png\",\"contentUrl\":\"https:\\\/\\\/boulyetcailloux.com\\\/blog\\\/wp-content\\\/uploads\\\/2024\\\/03\\\/prestashop-logo-1642179054.png\",\"width\":138,\"height\":96,\"caption\":\"BLOG de Bouly&Cailloux, boutique en ligne de bijoux artisanaux cr\u00e9atifs\"},\"image\":{\"@id\":\"https:\\\/\\\/boulyetcailloux.com\\\/blog\\\/#\\\/schema\\\/logo\\\/image\\\/\"},\"sameAs\":[\"https:\\\/\\\/www.facebook.com\\\/boulyetcailloux\\\/\",\"https:\\\/\\\/www.instagram.com\\\/boulyetcailloux\\\/\"]}]}<\/script>\n<!-- \/ Yoast SEO plugin. -->","yoast_head_json":{"title":"\u00c0 propos de - BLOG de Bouly&amp;Cailloux","robots":{"index":"index","follow":"follow","max-snippet":"max-snippet:-1","max-image-preview":"max-image-preview:large","max-video-preview":"max-video-preview:-1"},"canonical":"https:\/\/boulyetcailloux.com\/blog\/a-propos-de\/","og_locale":"fr_FR","og_type":"article","og_title":"\u00c0 propos de - BLOG de Bouly&amp;Cailloux","og_description":"Derni\u00e8re mise \u00e0 jour le 13 d\u00e9cembre 2023 \u00e0 10:25 Bouly&amp;Cailloux Cr\u00e9ation de bijoux &#8211; @boulyetcailloux boulyetcailloux Alliant la passion des pierres naturelles, des mati\u00e8res et une envie de cr\u00e9ation manuelle, la fabrication de bijoux fantaisie s&rsquo;est impos\u00e9e \u00e0 moi, il y a maintenant quelques ann\u00e9es suite \u00e0 une maladie invalidante. L&rsquo;occasion d&rsquo;un blog est [&hellip;]","og_url":"https:\/\/boulyetcailloux.com\/blog\/a-propos-de\/","og_site_name":"BLOG de Bouly&amp;Cailloux","article_publisher":"https:\/\/www.facebook.com\/boulyetcailloux\/","article_modified_time":"2023-12-13T09:25:31+00:00","og_image":[{"width":1173,"height":1032,"url":"https:\/\/boulyetcailloux.com\/blog\/wp-content\/uploads\/2026\/02\/logoINPI1293or.jpg","type":"image\/jpeg"}],"twitter_card":"summary_large_image","schema":{"@context":"https:\/\/schema.org","@graph":[{"@type":"WebPage","@id":"https:\/\/boulyetcailloux.com\/blog\/a-propos-de\/","url":"https:\/\/boulyetcailloux.com\/blog\/a-propos-de\/","name":"\u00c0 propos de - BLOG de Bouly&amp;Cailloux","isPartOf":{"@id":"https:\/\/boulyetcailloux.com\/blog\/#website"},"datePublished":"2023-12-12T07:15:52+00:00","dateModified":"2023-12-13T09:25:31+00:00","breadcrumb":{"@id":"https:\/\/boulyetcailloux.com\/blog\/a-propos-de\/#breadcrumb"},"inLanguage":"fr-FR","potentialAction":[{"@type":"ReadAction","target":["https:\/\/boulyetcailloux.com\/blog\/a-propos-de\/"]}]},{"@type":"BreadcrumbList","@id":"https:\/\/boulyetcailloux.com\/blog\/a-propos-de\/#breadcrumb","itemListElement":[{"@type":"ListItem","position":1,"name":"Accueil","item":"https:\/\/boulyetcailloux.com\/blog\/"},{"@type":"ListItem","position":2,"name":"\u00c0 propos de"}]},{"@type":"WebSite","@id":"https:\/\/boulyetcailloux.com\/blog\/#website","url":"https:\/\/boulyetcailloux.com\/blog\/","name":"BLOG de Bouly&Cailloux, boutique en ligne de bijoux cr\u00e9atifs artisanaux","description":"Des pierres, des bijoux, une histoire","publisher":{"@id":"https:\/\/boulyetcailloux.com\/blog\/#organization"},"alternateName":"BLOG de Bouly&Cailloux","potentialAction":[{"@type":"SearchAction","target":{"@type":"EntryPoint","urlTemplate":"https:\/\/boulyetcailloux.com\/blog\/?s={search_term_string}"},"query-input":{"@type":"PropertyValueSpecification","valueRequired":true,"valueName":"search_term_string"}}],"inLanguage":"fr-FR"},{"@type":"Organization","@id":"https:\/\/boulyetcailloux.com\/blog\/#organization","name":"BLOG de Bouly&Cailloux, boutique en ligne de bijoux artisanaux cr\u00e9atifs","alternateName":"Bouly&Cailloux, le Blog","url":"https:\/\/boulyetcailloux.com\/blog\/","logo":{"@type":"ImageObject","inLanguage":"fr-FR","@id":"https:\/\/boulyetcailloux.com\/blog\/#\/schema\/logo\/image\/","url":"https:\/\/boulyetcailloux.com\/blog\/wp-content\/uploads\/2024\/03\/prestashop-logo-1642179054.png","contentUrl":"https:\/\/boulyetcailloux.com\/blog\/wp-content\/uploads\/2024\/03\/prestashop-logo-1642179054.png","width":138,"height":96,"caption":"BLOG de Bouly&Cailloux, boutique en ligne de bijoux artisanaux cr\u00e9atifs"},"image":{"@id":"https:\/\/boulyetcailloux.com\/blog\/#\/schema\/logo\/image\/"},"sameAs":["https:\/\/www.facebook.com\/boulyetcailloux\/","https:\/\/www.instagram.com\/boulyetcailloux\/"]}]}},"_links":{"self":[{"href":"https:\/\/boulyetcailloux.com\/blog\/wp-json\/wp\/v2\/pages\/15","targetHints":{"allow":["GET"]}}],"collection":[{"href":"https:\/\/boulyetcailloux.com\/blog\/wp-json\/wp\/v2\/pages"}],"about":[{"href":"https:\/\/boulyetcailloux.com\/blog\/wp-json\/wp\/v2\/types\/page"}],"author":[{"embeddable":true,"href":"https:\/\/boulyetcailloux.com\/blog\/wp-json\/wp\/v2\/users\/1"}],"replies":[{"embeddable":true,"href":"https:\/\/boulyetcailloux.com\/blog\/wp-json\/wp\/v2\/comments?post=15"}],"version-history":[{"count":3,"href":"https:\/\/boulyetcailloux.com\/blog\/wp-json\/wp\/v2\/pages\/15\/revisions"}],"predecessor-version":[{"id":60,"href":"https:\/\/boulyetcailloux.com\/blog\/wp-json\/wp\/v2\/pages\/15\/revisions\/60"}],"wp:attachment":[{"href":"https:\/\/boulyetcailloux.com\/blog\/wp-json\/wp\/v2\/media?parent=15"}],"curies":[{"name":"wp","href":"https:\/\/api.w.org\/{rel}","templated":true}]}}