{"id":16,"date":"2023-12-12T08:15:52","date_gmt":"2023-12-12T07:15:52","guid":{"rendered":"https:\/\/boulyetcailloux.com\/blog\/?page_id=16"},"modified":"2023-12-14T07:14:07","modified_gmt":"2023-12-14T06:14:07","slug":"contact","status":"publish","type":"page","link":"https:\/\/boulyetcailloux.com\/blog\/contact\/","title":{"rendered":"Contact"},"content":{"rendered":"<p class=\"last-updated entry-meta\">Derni\u00e8re mise \u00e0 jour le 14 d\u00e9cembre 2023 \u00e0 07:14<\/p>\n<p class=\"has-text-align-center\"><\/p>\n\n\n\n<p class=\"has-text-align-center\">Bouly&amp;Cailloux (E.I)<br>2738 route de la Mole<br>83310 COGOLIN<br>France<\/p>\n\n\n\n<div class=\"wpcf7 no-js\" id=\"wpcf7-f226-o1\" lang=\"fr-FR\" dir=\"ltr\" data-wpcf7-id=\"226\">\n<div class=\"screen-reader-response\"><p role=\"status\" aria-live=\"polite\" aria-atomic=\"true\"><\/p> <ul><\/ul><\/div>\n<form action=\"\/blog\/wp-json\/wp\/v2\/pages\/16#wpcf7-f226-o1\" method=\"post\" class=\"wpcf7-form init\" aria-label=\"Formulaire de contact\" novalidate=\"novalidate\" data-status=\"init\">\n<fieldset class=\"hidden-fields-container\"><input type=\"hidden\" name=\"_wpcf7\" value=\"226\" \/><input type=\"hidden\" name=\"_wpcf7_version\" value=\"6.1.5\" \/><input type=\"hidden\" name=\"_wpcf7_locale\" value=\"fr_FR\" \/><input type=\"hidden\" name=\"_wpcf7_unit_tag\" value=\"wpcf7-f226-o1\" \/><input type=\"hidden\" name=\"_wpcf7_container_post\" value=\"0\" \/><input type=\"hidden\" name=\"_wpcf7_posted_data_hash\" value=\"\" \/>\n<\/fieldset>\n<p><label> Votre nom<br \/>\n<span class=\"wpcf7-form-control-wrap\" data-name=\"your-name\"><input size=\"40\" maxlength=\"400\" class=\"wpcf7-form-control wpcf7-text wpcf7-validates-as-required\" autocomplete=\"name\" aria-required=\"true\" aria-invalid=\"false\" value=\"\" type=\"text\" name=\"your-name\" \/><\/span> <\/label>\n<\/p>\n<p><label> Votre e-mail<br \/>\n<span class=\"wpcf7-form-control-wrap\" data-name=\"your-email\"><input size=\"40\" maxlength=\"400\" class=\"wpcf7-form-control wpcf7-email wpcf7-validates-as-required wpcf7-text wpcf7-validates-as-email\" autocomplete=\"email\" aria-required=\"true\" aria-invalid=\"false\" value=\"\" type=\"email\" name=\"your-email\" \/><\/span> <\/label>\n<\/p>\n<p><label> Objet<br \/>\n<span class=\"wpcf7-form-control-wrap\" data-name=\"your-subject\"><input size=\"40\" maxlength=\"400\" class=\"wpcf7-form-control wpcf7-text wpcf7-validates-as-required\" aria-required=\"true\" aria-invalid=\"false\" value=\"\" type=\"text\" name=\"your-subject\" \/><\/span> <\/label>\n<\/p>\n<p><label> Votre message (facultatif)<br \/>\n<span class=\"wpcf7-form-control-wrap\" data-name=\"your-message\"><textarea cols=\"40\" rows=\"10\" maxlength=\"2000\" class=\"wpcf7-form-control wpcf7-textarea\" aria-invalid=\"false\" name=\"your-message\"><\/textarea><\/span> <\/label>\n<\/p>\n<p><span class=\"g-recaptcha\" data-sitekey=\"6Lewk5YpAAAAAMmYkQjWExQVAnlXq_MF-ZesAr-M\"><\/span>\n<\/p>\n<p><input class=\"wpcf7-form-control wpcf7-submit has-spinner\" type=\"submit\" value=\"Envoyer\" \/>\n<\/p><div class=\"wpcf7-response-output\" aria-hidden=\"true\"><\/div>\n<\/form>\n<\/div>\n\n","protected":false},"excerpt":{"rendered":"<p>Derni\u00e8re mise \u00e0 jour le 14 d\u00e9cembre 2023 \u00e0 07:14 Bouly&amp;Cailloux (E.I)2738 route de la Mole83310 COGOLINFrance<\/p>\n","protected":false},"author":1,"featured_media":0,"parent":0,"menu_order":0,"comment_status":"closed","ping_status":"closed","template":"","meta":{"footnotes":""},"class_list":["post-16","page","type-page","status-publish","hentry"],"yoast_head":"<!-- This site is optimized with the Yoast SEO plugin v27.4 - https:\/\/yoast.com\/product\/yoast-seo-wordpress\/ -->\n<title>Contact - BLOG de Bouly&amp;Cailloux<\/title>\n<meta name=\"robots\" content=\"index, follow, max-snippet:-1, max-image-preview:large, max-video-preview:-1\" \/>\n<link rel=\"canonical\" href=\"https:\/\/boulyetcailloux.com\/blog\/contact\/\" \/>\n<meta property=\"og:locale\" content=\"fr_FR\" \/>\n<meta property=\"og:type\" content=\"article\" \/>\n<meta property=\"og:title\" content=\"Contact - BLOG de Bouly&amp;Cailloux\" \/>\n<meta property=\"og:description\" content=\"Derni\u00e8re mise \u00e0 jour le 14 d\u00e9cembre 2023 \u00e0 07:14 Bouly&amp;Cailloux (E.I)2738 route de la Mole83310 COGOLINFrance\" \/>\n<meta property=\"og:url\" content=\"https:\/\/boulyetcailloux.com\/blog\/contact\/\" \/>\n<meta property=\"og:site_name\" content=\"BLOG de Bouly&amp;Cailloux\" \/>\n<meta property=\"article:publisher\" content=\"https:\/\/www.facebook.com\/boulyetcailloux\/\" \/>\n<meta property=\"article:modified_time\" content=\"2023-12-14T06:14:07+00:00\" \/>\n<meta property=\"og:image\" content=\"https:\/\/boulyetcailloux.com\/blog\/wp-content\/uploads\/2026\/02\/logoINPI1293or.jpg\" \/>\n\t<meta property=\"og:image:width\" content=\"1173\" \/>\n\t<meta property=\"og:image:height\" content=\"1032\" \/>\n\t<meta property=\"og:image:type\" content=\"image\/jpeg\" \/>\n<meta name=\"twitter:card\" content=\"summary_large_image\" \/>\n<script type=\"application\/ld+json\" class=\"yoast-schema-graph\">{\"@context\":\"https:\\\/\\\/schema.org\",\"@graph\":[{\"@type\":\"WebPage\",\"@id\":\"https:\\\/\\\/boulyetcailloux.com\\\/blog\\\/contact\\\/\",\"url\":\"https:\\\/\\\/boulyetcailloux.com\\\/blog\\\/contact\\\/\",\"name\":\"Contact - BLOG de Bouly&amp;Cailloux\",\"isPartOf\":{\"@id\":\"https:\\\/\\\/boulyetcailloux.com\\\/blog\\\/#website\"},\"datePublished\":\"2023-12-12T07:15:52+00:00\",\"dateModified\":\"2023-12-14T06:14:07+00:00\",\"breadcrumb\":{\"@id\":\"https:\\\/\\\/boulyetcailloux.com\\\/blog\\\/contact\\\/#breadcrumb\"},\"inLanguage\":\"fr-FR\",\"potentialAction\":[{\"@type\":\"ReadAction\",\"target\":[\"https:\\\/\\\/boulyetcailloux.com\\\/blog\\\/contact\\\/\"]}]},{\"@type\":\"BreadcrumbList\",\"@id\":\"https:\\\/\\\/boulyetcailloux.com\\\/blog\\\/contact\\\/#breadcrumb\",\"itemListElement\":[{\"@type\":\"ListItem\",\"position\":1,\"name\":\"Accueil\",\"item\":\"https:\\\/\\\/boulyetcailloux.com\\\/blog\\\/\"},{\"@type\":\"ListItem\",\"position\":2,\"name\":\"Contact\"}]},{\"@type\":\"WebSite\",\"@id\":\"https:\\\/\\\/boulyetcailloux.com\\\/blog\\\/#website\",\"url\":\"https:\\\/\\\/boulyetcailloux.com\\\/blog\\\/\",\"name\":\"BLOG de Bouly&Cailloux, boutique en ligne de bijoux cr\u00e9atifs artisanaux\",\"description\":\"Des pierres, des bijoux, une histoire\",\"publisher\":{\"@id\":\"https:\\\/\\\/boulyetcailloux.com\\\/blog\\\/#organization\"},\"alternateName\":\"BLOG de Bouly&Cailloux\",\"potentialAction\":[{\"@type\":\"SearchAction\",\"target\":{\"@type\":\"EntryPoint\",\"urlTemplate\":\"https:\\\/\\\/boulyetcailloux.com\\\/blog\\\/?s={search_term_string}\"},\"query-input\":{\"@type\":\"PropertyValueSpecification\",\"valueRequired\":true,\"valueName\":\"search_term_string\"}}],\"inLanguage\":\"fr-FR\"},{\"@type\":\"Organization\",\"@id\":\"https:\\\/\\\/boulyetcailloux.com\\\/blog\\\/#organization\",\"name\":\"BLOG de Bouly&Cailloux, boutique en ligne de bijoux artisanaux cr\u00e9atifs\",\"alternateName\":\"Bouly&Cailloux, le Blog\",\"url\":\"https:\\\/\\\/boulyetcailloux.com\\\/blog\\\/\",\"logo\":{\"@type\":\"ImageObject\",\"inLanguage\":\"fr-FR\",\"@id\":\"https:\\\/\\\/boulyetcailloux.com\\\/blog\\\/#\\\/schema\\\/logo\\\/image\\\/\",\"url\":\"https:\\\/\\\/boulyetcailloux.com\\\/blog\\\/wp-content\\\/uploads\\\/2024\\\/03\\\/prestashop-logo-1642179054.png\",\"contentUrl\":\"https:\\\/\\\/boulyetcailloux.com\\\/blog\\\/wp-content\\\/uploads\\\/2024\\\/03\\\/prestashop-logo-1642179054.png\",\"width\":138,\"height\":96,\"caption\":\"BLOG de Bouly&Cailloux, boutique en ligne de bijoux artisanaux cr\u00e9atifs\"},\"image\":{\"@id\":\"https:\\\/\\\/boulyetcailloux.com\\\/blog\\\/#\\\/schema\\\/logo\\\/image\\\/\"},\"sameAs\":[\"https:\\\/\\\/www.facebook.com\\\/boulyetcailloux\\\/\",\"https:\\\/\\\/www.instagram.com\\\/boulyetcailloux\\\/\"]}]}<\/script>\n<!-- \/ Yoast SEO plugin. -->","yoast_head_json":{"title":"Contact - BLOG de Bouly&amp;Cailloux","robots":{"index":"index","follow":"follow","max-snippet":"max-snippet:-1","max-image-preview":"max-image-preview:large","max-video-preview":"max-video-preview:-1"},"canonical":"https:\/\/boulyetcailloux.com\/blog\/contact\/","og_locale":"fr_FR","og_type":"article","og_title":"Contact - BLOG de Bouly&amp;Cailloux","og_description":"Derni\u00e8re mise \u00e0 jour le 14 d\u00e9cembre 2023 \u00e0 07:14 Bouly&amp;Cailloux (E.I)2738 route de la Mole83310 COGOLINFrance","og_url":"https:\/\/boulyetcailloux.com\/blog\/contact\/","og_site_name":"BLOG de Bouly&amp;Cailloux","article_publisher":"https:\/\/www.facebook.com\/boulyetcailloux\/","article_modified_time":"2023-12-14T06:14:07+00:00","og_image":[{"width":1173,"height":1032,"url":"https:\/\/boulyetcailloux.com\/blog\/wp-content\/uploads\/2026\/02\/logoINPI1293or.jpg","type":"image\/jpeg"}],"twitter_card":"summary_large_image","schema":{"@context":"https:\/\/schema.org","@graph":[{"@type":"WebPage","@id":"https:\/\/boulyetcailloux.com\/blog\/contact\/","url":"https:\/\/boulyetcailloux.com\/blog\/contact\/","name":"Contact - BLOG de Bouly&amp;Cailloux","isPartOf":{"@id":"https:\/\/boulyetcailloux.com\/blog\/#website"},"datePublished":"2023-12-12T07:15:52+00:00","dateModified":"2023-12-14T06:14:07+00:00","breadcrumb":{"@id":"https:\/\/boulyetcailloux.com\/blog\/contact\/#breadcrumb"},"inLanguage":"fr-FR","potentialAction":[{"@type":"ReadAction","target":["https:\/\/boulyetcailloux.com\/blog\/contact\/"]}]},{"@type":"BreadcrumbList","@id":"https:\/\/boulyetcailloux.com\/blog\/contact\/#breadcrumb","itemListElement":[{"@type":"ListItem","position":1,"name":"Accueil","item":"https:\/\/boulyetcailloux.com\/blog\/"},{"@type":"ListItem","position":2,"name":"Contact"}]},{"@type":"WebSite","@id":"https:\/\/boulyetcailloux.com\/blog\/#website","url":"https:\/\/boulyetcailloux.com\/blog\/","name":"BLOG de Bouly&Cailloux, boutique en ligne de bijoux cr\u00e9atifs artisanaux","description":"Des pierres, des bijoux, une histoire","publisher":{"@id":"https:\/\/boulyetcailloux.com\/blog\/#organization"},"alternateName":"BLOG de Bouly&Cailloux","potentialAction":[{"@type":"SearchAction","target":{"@type":"EntryPoint","urlTemplate":"https:\/\/boulyetcailloux.com\/blog\/?s={search_term_string}"},"query-input":{"@type":"PropertyValueSpecification","valueRequired":true,"valueName":"search_term_string"}}],"inLanguage":"fr-FR"},{"@type":"Organization","@id":"https:\/\/boulyetcailloux.com\/blog\/#organization","name":"BLOG de Bouly&Cailloux, boutique en ligne de bijoux artisanaux cr\u00e9atifs","alternateName":"Bouly&Cailloux, le Blog","url":"https:\/\/boulyetcailloux.com\/blog\/","logo":{"@type":"ImageObject","inLanguage":"fr-FR","@id":"https:\/\/boulyetcailloux.com\/blog\/#\/schema\/logo\/image\/","url":"https:\/\/boulyetcailloux.com\/blog\/wp-content\/uploads\/2024\/03\/prestashop-logo-1642179054.png","contentUrl":"https:\/\/boulyetcailloux.com\/blog\/wp-content\/uploads\/2024\/03\/prestashop-logo-1642179054.png","width":138,"height":96,"caption":"BLOG de Bouly&Cailloux, boutique en ligne de bijoux artisanaux cr\u00e9atifs"},"image":{"@id":"https:\/\/boulyetcailloux.com\/blog\/#\/schema\/logo\/image\/"},"sameAs":["https:\/\/www.facebook.com\/boulyetcailloux\/","https:\/\/www.instagram.com\/boulyetcailloux\/"]}]}},"_links":{"self":[{"href":"https:\/\/boulyetcailloux.com\/blog\/wp-json\/wp\/v2\/pages\/16","targetHints":{"allow":["GET"]}}],"collection":[{"href":"https:\/\/boulyetcailloux.com\/blog\/wp-json\/wp\/v2\/pages"}],"about":[{"href":"https:\/\/boulyetcailloux.com\/blog\/wp-json\/wp\/v2\/types\/page"}],"author":[{"embeddable":true,"href":"https:\/\/boulyetcailloux.com\/blog\/wp-json\/wp\/v2\/users\/1"}],"replies":[{"embeddable":true,"href":"https:\/\/boulyetcailloux.com\/blog\/wp-json\/wp\/v2\/comments?post=16"}],"version-history":[{"count":6,"href":"https:\/\/boulyetcailloux.com\/blog\/wp-json\/wp\/v2\/pages\/16\/revisions"}],"predecessor-version":[{"id":229,"href":"https:\/\/boulyetcailloux.com\/blog\/wp-json\/wp\/v2\/pages\/16\/revisions\/229"}],"wp:attachment":[{"href":"https:\/\/boulyetcailloux.com\/blog\/wp-json\/wp\/v2\/media?parent=16"}],"curies":[{"name":"wp","href":"https:\/\/api.w.org\/{rel}","templated":true}]}}